{"id":208,"date":"2019-09-07T22:41:33","date_gmt":"2019-09-07T22:41:33","guid":{"rendered":"http:\/\/8000rpmtools.com\/?post_type=product&#038;p=208"},"modified":"2023-01-24T17:28:04","modified_gmt":"2023-01-24T17:28:04","slug":"tecle-de-pluma-2-toneladas-con-piston-central-de-8-toneladas","status":"publish","type":"product","link":"https:\/\/8000rpmtools.com\/?product=tecle-de-pluma-2-toneladas-con-piston-central-de-8-toneladas","title":{"rendered":"Tecle de pluma Reforzado de 2 toneladas Marca TYSON"},"content":{"rendered":"<div class=\"desc D\">\n<p>Esta gr\u00faa taller con una capacidad de 2 toneladas (2 T); facilitan enormemente el movimiento de carga en su taller o en el garaje.\u00a0Con sus 6 ruedas, este taller permitir\u00e1 a los movimientos de la gr\u00faa en todas las direcciones.<\/p>\n<p>Despu\u00e9s de su uso, se puede almacenar f\u00e1cilmente la gr\u00faa piso, que es plegable, con una peque\u00f1a huella.<\/p>\n<p><strong>\u00a0<\/strong><\/p>\n<p><strong>Caracter\u00edsticas:<\/strong><\/p>\n<p>&nbsp;<\/p>\n<p>Disponen de ruedas de poliamida que facilitan la maniobrabilidad, no da\u00f1an el suelo de garaje, no se oxidan y son silenciosas. Su brazo elevador extensible, las ruedas giratorias y el gancho de seguridad pivotante facilitan el acceso a la carga y su maniobrabilidad. Dispositivo de control de descenso LCS (descenso suave uniforme y preciso.) V\u00e1lvula de seguridad contra sobrecargas. Paraliza la operaci\u00f3n si el usuario pierde involuntariamente el control. Limitador hidr\u00e1ulico de recorrido.<\/p>\n<p>Posiciones de carga:<\/p>\n<p>Posici\u00f3n1: 2000 KG\u00a0 Posici\u00f3n 2: 1765 KG\u00a0 Posici\u00f3n 3: 1650 KG.<\/p>\n<p>&nbsp;<\/p>\n<p><strong>Funcionamiento: <\/strong><\/p>\n<p><strong>\u00a0<\/strong><\/p>\n<p>Su funcionamiento es igual a una gata, trabaja con un pist\u00f3n en el este trabaja con liquido bajo presi\u00f3n en sus \u00e1reas, la presi\u00f3n del l\u00edquido interiormente realiza el trabajo para adsorber toda necesidad de presi\u00f3n sobre la elevadora.<\/p>\n<p><strong>\u00a0<\/strong><\/p>\n<p><strong>Recomendaciones de uso:<\/strong><\/p>\n<p>&nbsp;<\/p>\n<p>El uso recomendado es usualmente hasta su altura m\u00e1xima de la mesa de 2.388 mm,\u00a0 es muy importante siempre leer manual del fabricante antes su uso.<\/p>\n<\/div>\n","protected":false},"excerpt":{"rendered":"<p>La RSC-2TF es una gr\u00faa plegable con una capacidad de elevaci\u00f3n de 1\u201d a 93\u201d y cuenta con un brazo superior f\u00e1cil de ajustar en 4 posiciones distintas, y un largo espol\u00f3n capaz de resistir la carga pesada, 6 ruedas dise\u00f1adas para proveerle mayor movilidad y un cuerpo plegable, adem\u00e1s de una bomba manual. Construcci\u00f3n de acero maciza para brindarle m\u00e1xima durabilidad.<\/p>\n","protected":false},"featured_media":211,"comment_status":"open","ping_status":"closed","template":"","meta":[],"product_brand":[],"product_cat":[106],"product_tag":[39,40,47,43,41,49,81,79,48,42,73,53,78,80,52],"class_list":{"0":"post-208","1":"product","2":"type-product","3":"status-publish","4":"has-post-thumbnail","6":"product_cat-gatas-y-stands","7":"product_tag-8000rpm","8":"product_tag-8000rpmimporttools","9":"product_tag-carreras","10":"product_tag-equipamientoautomotriz","11":"product_tag-herramientas","12":"product_tag-importadora","13":"product_tag-motor","14":"product_tag-pluma","15":"product_tag-rally","16":"product_tag-riobamba","17":"product_tag-stands","18":"product_tag-taller","19":"product_tag-tecle","20":"product_tag-tecle-de-pluma","21":"product_tag-tecnicentro","23":"first","24":"instock","25":"taxable","26":"shipping-taxable","27":"purchasable","28":"product-type-simple"},"_links":{"self":[{"href":"https:\/\/8000rpmtools.com\/index.php?rest_route=\/wp\/v2\/product\/208","targetHints":{"allow":["GET"]}}],"collection":[{"href":"https:\/\/8000rpmtools.com\/index.php?rest_route=\/wp\/v2\/product"}],"about":[{"href":"https:\/\/8000rpmtools.com\/index.php?rest_route=\/wp\/v2\/types\/product"}],"replies":[{"embeddable":true,"href":"https:\/\/8000rpmtools.com\/index.php?rest_route=%2Fwp%2Fv2%2Fcomments&post=208"}],"wp:featuredmedia":[{"embeddable":true,"href":"https:\/\/8000rpmtools.com\/index.php?rest_route=\/wp\/v2\/media\/211"}],"wp:attachment":[{"href":"https:\/\/8000rpmtools.com\/index.php?rest_route=%2Fwp%2Fv2%2Fmedia&parent=208"}],"wp:term":[{"taxonomy":"product_brand","embeddable":true,"href":"https:\/\/8000rpmtools.com\/index.php?rest_route=%2Fwp%2Fv2%2Fproduct_brand&post=208"},{"taxonomy":"product_cat","embeddable":true,"href":"https:\/\/8000rpmtools.com\/index.php?rest_route=%2Fwp%2Fv2%2Fproduct_cat&post=208"},{"taxonomy":"product_tag","embeddable":true,"href":"https:\/\/8000rpmtools.com\/index.php?rest_route=%2Fwp%2Fv2%2Fproduct_tag&post=208"}],"curies":[{"name":"wp","href":"https:\/\/api.w.org\/{rel}","templated":true}]}}