{"id":1156,"date":"2019-11-14T16:40:12","date_gmt":"2019-11-14T21:40:12","guid":{"rendered":"http:\/\/8000rpmtools.com\/?post_type=product&#038;p=1156"},"modified":"2025-12-18T22:02:23","modified_gmt":"2025-12-19T03:02:23","slug":"vacuometro-automotriz-otc-5613","status":"publish","type":"product","link":"https:\/\/8000rpmtools.com\/?product=vacuometro-automotriz-otc-5613","title":{"rendered":"Vacu\u00f3metro Automotriz OTC 5613"},"content":{"rendered":"<p>El Vacu\u00f3metro OTC 5613 es un equipo para probar l\u00edneas y componentes de vac\u00edo. Prueba con precisi\u00f3n los sistemas de combustible de baja presi\u00f3n. Diagnostique r\u00e1pidamente problemas internos del motor, como anillos defectuosos, v\u00e1lvulas y juntas de culata con fugas. El kit viene completo con un adaptador para la mayor\u00eda de las aplicaciones.<\/p>\n<p>Caracter\u00edsticas y Beneficios:<\/p>\n<p>\u2022 El man\u00f3metro es grande de 3-1 \/ 2 &#8220;cuenta con un bisel cromado y una cubierta exterior protectora resistente.<\/p>\n<p>\u2022 El medidor de doble prop\u00f3sito lee el vac\u00edo y la presi\u00f3n de combustible.<\/p>\n<p>\u2022 El medidor de escala dual, lee 0-30 in. Hg vac y 0-70 cm Hg, tambi\u00e9n leepresi\u00f3n de 0-15 psi y 0-100 kPa.<\/p>\n","protected":false},"excerpt":{"rendered":"<ul class=\"a-unordered-list a-vertical a-spacing-none\">\n<li><span class=\"a-list-item\">Ideal para probar las l\u00edneas de Vac\u00edo y componentes<\/span><\/li>\n<li><span class=\"a-list-item\">Con precisi\u00f3n las pruebas de los sistemas de combustible de baja presi\u00f3n<\/span><\/li>\n<li><span class=\"a-list-item\">Diagnosticar r\u00e1pidamente interna motor problemas tales como malos v\u00e1lvulas de anillos y fugas en las juntas de cabezal<\/span><\/li>\n<\/ul>\n","protected":false},"featured_media":1160,"comment_status":"open","ping_status":"closed","template":"","meta":[],"product_brand":[],"product_cat":[17],"product_tag":[39,40,58,47,83,43,41,49,102,94,92,60,163],"class_list":{"0":"post-1156","1":"product","2":"type-product","3":"status-publish","4":"has-post-thumbnail","6":"product_cat-manometros-y-medidores","7":"product_tag-8000rpm","8":"product_tag-8000rpmimporttools","9":"product_tag-bomba-de-vacio","10":"product_tag-carreras","11":"product_tag-diagnostico","12":"product_tag-equipamientoautomotriz","13":"product_tag-herramientas","14":"product_tag-importadora","15":"product_tag-manometro","16":"product_tag-otc","17":"product_tag-presion-de-combustible","18":"product_tag-vacio","19":"product_tag-vacuometro","21":"first","22":"instock","23":"taxable","24":"shipping-taxable","25":"purchasable","26":"product-type-simple"},"_links":{"self":[{"href":"https:\/\/8000rpmtools.com\/index.php?rest_route=\/wp\/v2\/product\/1156","targetHints":{"allow":["GET"]}}],"collection":[{"href":"https:\/\/8000rpmtools.com\/index.php?rest_route=\/wp\/v2\/product"}],"about":[{"href":"https:\/\/8000rpmtools.com\/index.php?rest_route=\/wp\/v2\/types\/product"}],"replies":[{"embeddable":true,"href":"https:\/\/8000rpmtools.com\/index.php?rest_route=%2Fwp%2Fv2%2Fcomments&post=1156"}],"wp:featuredmedia":[{"embeddable":true,"href":"https:\/\/8000rpmtools.com\/index.php?rest_route=\/wp\/v2\/media\/1160"}],"wp:attachment":[{"href":"https:\/\/8000rpmtools.com\/index.php?rest_route=%2Fwp%2Fv2%2Fmedia&parent=1156"}],"wp:term":[{"taxonomy":"product_brand","embeddable":true,"href":"https:\/\/8000rpmtools.com\/index.php?rest_route=%2Fwp%2Fv2%2Fproduct_brand&post=1156"},{"taxonomy":"product_cat","embeddable":true,"href":"https:\/\/8000rpmtools.com\/index.php?rest_route=%2Fwp%2Fv2%2Fproduct_cat&post=1156"},{"taxonomy":"product_tag","embeddable":true,"href":"https:\/\/8000rpmtools.com\/index.php?rest_route=%2Fwp%2Fv2%2Fproduct_tag&post=1156"}],"curies":[{"name":"wp","href":"https:\/\/api.w.org\/{rel}","templated":true}]}}