{"id":1152,"date":"2019-11-14T16:30:43","date_gmt":"2019-11-14T21:30:43","guid":{"rendered":"http:\/\/8000rpmtools.com\/?post_type=product&#038;p=1152"},"modified":"2025-12-18T22:02:29","modified_gmt":"2025-12-19T03:02:29","slug":"vacuometro-automotriz-y-medidor-de-presion-de-combustible","status":"publish","type":"product","link":"https:\/\/8000rpmtools.com\/?product=vacuometro-automotriz-y-medidor-de-presion-de-combustible","title":{"rendered":"Vacu\u00f3metro Automotriz y Medidor de Presi\u00f3n de Combustible"},"content":{"rendered":"<div class=\"celwidget aplus-module 3p-module-b\" data-cel-widget=\"aplus-3p-module-b\">\n<div class=\"aplus-3p-fixed-width\">\n<p><img decoding=\"async\" class=\"a-spacing-base\" src=\"https:\/\/m.media-amazon.com\/images\/S\/aplus-seller-content-images-us-east-1\/ATVPDKIKX0DER\/A1UMBRA5ZTBCX8\/490773a3-6b06-439b-9503-a2807958efab._CR0,1,970,600_PT0_SX970__.jpg\" alt=\"ABN car vacuum and fuel pump tester gauge kit Autobodynow Premium tools and accessories\" \/><strong>Acerca del kit de medidor de prueba de bomba de combustible y vac\u00edo para autom\u00f3viles ABN<\/strong><\/p>\n<p>Elimine las conjeturas en el diagn\u00f3stico del carburador con el kit de medidor de prueba de la bomba de combustible y vac\u00edo del motor ABN: presi\u00f3n y vac\u00edo de la bomba de combustible, m\u00faltiple de admisi\u00f3n del carburador y prueba de vac\u00edo.<\/p>\n<p>Este kit lo ayudar\u00e1 a diagnosticar una sincronizaci\u00f3n inadecuada, v\u00e1lvulas quemadas o atascadas, fugas en el colector, mezcla de combustible inadecuada, estrangulador atascado y m\u00e1s sin el uso de una bomba.<\/p>\n<\/div>\n<\/div>\n<div class=\"celwidget aplus-module module-1\" data-cel-widget=\"aplus-module-1\">\n<div class=\"a-expander-collapsed-height a-row a-expander-container a-expander-partial-collapse-container\" aria-live=\"polite\" data-a-expander-name=\"aplus-module-expander\" data-a-expander-collapsed-height=\"700\">\n<div class=\"a-expander-content a-expander-partial-collapse-content\" aria-expanded=\"false\">\n<div class=\"aplus-module-wrapper apm-fixed-width\">\n<div class=\"apm-spacing apm-wrap\">\n<div class=\"apm-floatleft apm-wrap\">\n<div class=\"apm-leftimage\"><img decoding=\"async\" class=\"a-spacing-mini\" src=\"https:\/\/m.media-amazon.com\/images\/S\/aplus-seller-content-images-us-east-1\/ATVPDKIKX0DER\/A1UMBRA5ZTBCX8\/444e2741-85d0-4d0f-babc-b53e5f339b9b._CR0,0,545,727_PT0_SX300__.jpg\" alt=\"Diagnose your vehicle with this kit; Pieces fit well inside plastic blow-molded case\" \/><\/div>\n<div class=\"apm-rightthirdcol\">\n<div class=\"apm-rightthirdcol-inner\">\n<p><img decoding=\"async\" class=\"a-spacing-mini\" src=\"https:\/\/m.media-amazon.com\/images\/S\/aplus-seller-content-images-us-east-1\/ATVPDKIKX0DER\/A1UMBRA5ZTBCX8\/be2f19f7-bb5a-4b88-9e53-2ab0fb3dfe3d._CR0,351,1500,750_PT0_SX350__.jpg\" alt=\"Close up of pieces when fanned out next to each other\" \/>Se pueden realizar 4 pruebas:<\/p>\n<p>1.-Presi\u00f3n de la bomba de combustible<\/p>\n<p>2.-Vac\u00edo de bomba de combustible<\/p>\n<p>3.-Colector de admisi\u00f3n de carburador<\/p>\n<p>4.-Prueba de vac\u00edo<\/p>\n<p>El kit de Vacu\u00f3metro para autom\u00f3viles ABN &#8211; Presi\u00f3n y vac\u00edo de la bomba de combustible, m\u00faltiple de admisi\u00f3n del carburador y prueba de vac\u00edo permite probar la presi\u00f3n de suministro de combustible al motor para verificar si hay piezas desgastadas o defectuosas en las bombas de combustible y sistemas de vac\u00edo<\/p>\n<p>Apto para la mayor\u00eda de los veh\u00edculos<br \/>\nDestinado al motor de carburador<\/p>\n<\/div>\n<\/div>\n<\/div>\n<\/div>\n<\/div>\n<div><\/div>\n<\/div>\n<\/div>\n<\/div>\n<div class=\"celwidget aplus-module module-6\" data-cel-widget=\"aplus-module-6\">\n<div class=\"aplus-module-wrapper\">\n<div id=\"aplus-module-6-2\" class=\"apm-spacing aplus-module-content\">\n<div class=\"apm-hovermodule\">\n<div>\n<div class=\"apm-hovermodule-slides\">\n<div class=\"apm-hovermodule-image\"><img decoding=\"async\" class=\"a-spacing-mini\" src=\"https:\/\/m.media-amazon.com\/images\/S\/aplus-seller-content-images-us-east-1\/ATVPDKIKX0DER\/A1UMBRA5ZTBCX8\/8ce01ca7-9089-4bd9-9108-10bbffc12768._CR68,69,1362,1362_PT0_SX300__.jpg\" alt=\"close up of vacuum pressure gauge\" \/><\/div>\n<div class=\"apm-hovermodule-slides-inner\">\n<p><strong>Contenido del kit<\/strong><\/p>\n<p>Man\u00f3metro de 0-28 IN-Hg (0-70 cm-HG) de vac\u00edo y 0-10 PSIG (0-0.7 kg \/ cm\u00b2) de presi\u00f3n. El medidor de presi\u00f3n tiene un di\u00e1metro de 4 pulgadas con escalas de medici\u00f3n codificadas por colores para que sea f\u00e1cil de leer, tambi\u00e9n presenta muescas laterales de goma para un f\u00e1cil agarre.<\/p>\n<h3 class=\"a-spacing-mini\"><img decoding=\"async\" style=\"font-size: 16px;\" src=\"https:\/\/m.media-amazon.com\/images\/S\/aplus-seller-content-images-us-east-1\/ATVPDKIKX0DER\/A1UMBRA5ZTBCX8\/8ce01ca7-9089-4bd9-9108-10bbffc12768._CR0,1,1498,1498_PT0_SX80__.jpg\" alt=\"close up of vacuum pressure gauge\" \/><\/h3>\n<\/div>\n<\/div>\n<\/div>\n<div class=\"apm-hovermodule-slidecontrol\">\n<div class=\"apm-hovermodule-smallimage celwidget\" data-cel-widget=\"aplus-module-6-hover-1\">\n<p class=\"a-spacing-none\"><strong><span class=\"a-size-mini a-text-bold\">Man\u00f3metro<\/span><\/strong><\/p>\n<\/div>\n<div class=\"apm-hovermodule-smallimage celwidget apm-hovermodule-opacitymodon\" data-cel-widget=\"aplus-module-6-hover-2\">\n<div class=\"apm-hovermodule-smallimage-bg a-spacing-mini\"><img decoding=\"async\" src=\"https:\/\/m.media-amazon.com\/images\/S\/aplus-seller-content-images-us-east-1\/ATVPDKIKX0DER\/A1UMBRA5ZTBCX8\/8488d711-bafd-4c80-9dea-af1ce013e417._CR0,0,774,774_PT0_SX80__.jpg\" alt=\"close up on adapters\" \/><\/div>\n<p class=\"a-spacing-none\"><strong><span class=\"a-size-mini a-text-bold\">Adaptadores y acoples<\/span><\/strong><\/p>\n<\/div>\n<div class=\"apm-hovermodule-smallimage celwidget apm-hovermodule-opacitymodon\" data-cel-widget=\"aplus-module-6-hover-3\">\n<div class=\"apm-hovermodule-smallimage-bg a-spacing-mini\"><img decoding=\"async\" src=\"https:\/\/m.media-amazon.com\/images\/S\/aplus-seller-content-images-us-east-1\/ATVPDKIKX0DER\/A1UMBRA5ZTBCX8\/3cd1fb91-8845-4186-8886-0c47c8f6315f._CR0,0,728,728_PT0_SX80__.jpg\" alt=\"close up on rubber hose\" \/><\/div>\n<p class=\"a-spacing-none\"><span class=\"a-size-mini a-text-bold\">Manguera<\/span><\/p>\n<\/div>\n<div class=\"apm-hovermodule-smallimage celwidget apm-hovermodule-opacitymodon\" data-cel-widget=\"aplus-module-6-hover-4\">\n<div class=\"apm-hovermodule-smallimage-bg a-spacing-mini\"><img decoding=\"async\" src=\"https:\/\/m.media-amazon.com\/images\/S\/aplus-seller-content-images-us-east-1\/ATVPDKIKX0DER\/A1UMBRA5ZTBCX8\/77406453-399c-4d3e-8527-75b70df9da48._CR30,0,1441,1441_PT0_SX80__.jpg\" alt=\"protective case\" \/><\/div>\n<p class=\"a-spacing-none\"><span class=\"a-size-mini a-text-bold\">Malet\u00edn Pl\u00e1stico\u00a0<\/span><\/p>\n<\/div>\n<\/div>\n<\/div>\n<\/div>\n<\/div>\n<div><\/div>\n<\/div>\n<div class=\"celwidget aplus-module module-3\" data-cel-widget=\"aplus-module-3\">\n<div class=\"a-expander-collapsed-height a-row a-expander-container a-expander-partial-collapse-container\" aria-live=\"polite\" data-a-expander-name=\"aplus-module-expander\" data-a-expander-collapsed-height=\"700\">\n<div class=\"a-expander-content a-expander-partial-collapse-content\" aria-expanded=\"false\">\n<div class=\"aplus-module-wrapper apm-floatnone\">\n<div class=\"apm-sidemodule apm-spacing\">\n<div class=\"apm-sidemodule-imageright\"><img decoding=\"async\" class=\"a-spacing-mini\" src=\"https:\/\/m.media-amazon.com\/images\/S\/aplus-seller-content-images-us-east-1\/ATVPDKIKX0DER\/A1UMBRA5ZTBCX8\/f9ba9ade-706b-4466-93b6-0d2cce838727._CR42,42,417,417_PT0_SX300__.jpg\" alt=\"AutoBodyNow\" \/><\/div>\n<\/div>\n<\/div>\n<\/div>\n<\/div>\n<\/div>\n","protected":false},"excerpt":{"rendered":"<ul>\n<li>Dale rienda suelta a tu veh\u00edculo: el kit de comprobador de vac\u00edo y bomba de combustible ABN para coche &#8211; Presi\u00f3n y vac\u00edo de la bomba de combustible, Manifold de admisi\u00f3n de carburador y prueba de vac\u00edo permite probar la presi\u00f3n de suministro de combustible al motor para comprobar las piezas desgastadas o defectuosas en bombas de combustible y sistemas de vac\u00edo; el juego incluye una variedad de adaptadores adecuados para la mayor\u00eda de veh\u00edculos con presi\u00f3n de carburador.<\/li>\n<\/ul>\n","protected":false},"featured_media":1155,"comment_status":"open","ping_status":"closed","template":"","meta":[],"product_brand":[],"product_cat":[17],"product_tag":[40,58,83,43,41,49,102,118,92,48,42,53,52,60,163],"class_list":{"0":"post-1152","1":"product","2":"type-product","3":"status-publish","4":"has-post-thumbnail","6":"product_cat-manometros-y-medidores","7":"product_tag-8000rpmimporttools","8":"product_tag-bomba-de-vacio","9":"product_tag-diagnostico","10":"product_tag-equipamientoautomotriz","11":"product_tag-herramientas","12":"product_tag-importadora","13":"product_tag-manometro","14":"product_tag-mecatronica","15":"product_tag-presion-de-combustible","16":"product_tag-rally","17":"product_tag-riobamba","18":"product_tag-taller","19":"product_tag-tecnicentro","20":"product_tag-vacio","21":"product_tag-vacuometro","23":"first","24":"instock","25":"taxable","26":"shipping-taxable","27":"purchasable","28":"product-type-simple"},"_links":{"self":[{"href":"https:\/\/8000rpmtools.com\/index.php?rest_route=\/wp\/v2\/product\/1152","targetHints":{"allow":["GET"]}}],"collection":[{"href":"https:\/\/8000rpmtools.com\/index.php?rest_route=\/wp\/v2\/product"}],"about":[{"href":"https:\/\/8000rpmtools.com\/index.php?rest_route=\/wp\/v2\/types\/product"}],"replies":[{"embeddable":true,"href":"https:\/\/8000rpmtools.com\/index.php?rest_route=%2Fwp%2Fv2%2Fcomments&post=1152"}],"wp:featuredmedia":[{"embeddable":true,"href":"https:\/\/8000rpmtools.com\/index.php?rest_route=\/wp\/v2\/media\/1155"}],"wp:attachment":[{"href":"https:\/\/8000rpmtools.com\/index.php?rest_route=%2Fwp%2Fv2%2Fmedia&parent=1152"}],"wp:term":[{"taxonomy":"product_brand","embeddable":true,"href":"https:\/\/8000rpmtools.com\/index.php?rest_route=%2Fwp%2Fv2%2Fproduct_brand&post=1152"},{"taxonomy":"product_cat","embeddable":true,"href":"https:\/\/8000rpmtools.com\/index.php?rest_route=%2Fwp%2Fv2%2Fproduct_cat&post=1152"},{"taxonomy":"product_tag","embeddable":true,"href":"https:\/\/8000rpmtools.com\/index.php?rest_route=%2Fwp%2Fv2%2Fproduct_tag&post=1152"}],"curies":[{"name":"wp","href":"https:\/\/api.w.org\/{rel}","templated":true}]}}