{"id":102,"date":"2019-09-06T21:51:12","date_gmt":"2019-09-07T02:51:12","guid":{"rendered":"http:\/\/8000rpmtools.com\/?post_type=product&#038;p=102"},"modified":"2025-12-18T22:02:54","modified_gmt":"2025-12-19T03:02:54","slug":"fixkit-medidor-de-presion-multifuncion-del-sistema-de-combustible","status":"publish","type":"product","link":"https:\/\/8000rpmtools.com\/?product=fixkit-medidor-de-presion-multifuncion-del-sistema-de-combustible","title":{"rendered":"Kit Master Medidor de presi\u00f3n de combustible"},"content":{"rendered":"<p><strong>Caracter\u00edstica:<\/strong><br \/>\n&#8211; Kit universal con man\u00f3metro de precisi\u00f3n 0-10 bar (0-140 psi) (tolerancia + -2%).<br \/>\n&#8211; Para sistemas de inyecci\u00f3n de gasolina mec\u00e1nicos y electr\u00f3nicos.<br \/>\n&#8211; Con un coompleto set de adaptadores para casi todos los tipos de veh\u00edculos europeos, asi\u00e1ticos y americanos comunes, incluidos: Mercedes, BMW, Audi, Honda, Mazda, Renault, Fiat, Ford, Volkswagen, Peugeot y m\u00e1s.<br \/>\n&#8211; Para los siguientes sistemas de inyecci\u00f3n: K-Jettronic, L \/ LH-Jetronic, Motronic, Motronic-Jetronic, MPI, TBI, EFI, DIGIFANT 1\/2, CIS-Digital, Weber CFI, Spi, Singlepoint, Multipunto.<br \/>\n&#8211; Comprobaci\u00f3n simple de la estanqueidad y del sistema y de la presi\u00f3n de control mediante una v\u00e1lvula de 3 v\u00edas controlable.<br \/>\n&#8211; 5 mangueras, cada una con acoplamiento en ambos lados.<\/p>\n<p><strong>Dise\u00f1o:<\/strong><br \/>\nMaterial: Acero + Vidrio templado + Cobre + Aluminio + Tubo de goma<br \/>\nTama\u00f1o: 14.3*19*3.5<br \/>\nRango de presi\u00f3n: 0-140psi \/ 0-10bur<br \/>\nPara autom\u00f3viles: La mayor\u00eda de los autom\u00f3viles<\/p>\n<p>Un producto construido con los mejores materiales, grado profesional para uso diario en talleres automotrices la calidad y durabilidad es garantizada directamente por nuestra empresa tenemos las mejores de herramientas del mercado nacional<\/p>\n","protected":false},"excerpt":{"rendered":"<ul class=\"a-unordered-list a-vertical a-spacing-none\">\n<li><span class=\"a-list-item\"> Utilizado principalmente para el sistema de suministro de aceite, como filtro de aceite, presi\u00f3n de aceite, reguladores, l\u00edneas de combustible y bombas de combustible, boquillas de combustible, para comprobar que est\u00e1n bien. <\/span><\/li>\n<li><span class=\"a-list-item\"> Adecuado para tipos de autom\u00f3viles como VW, Benz, BMW, Audi, Fiat, Ford, Mercedes o m\u00e1s. <\/span><\/li>\n<li><span class=\"a-list-item\"> Ideal para reparaci\u00f3n autom\u00e1tica o simplemente bricolaje. <\/span><\/li>\n<li><span class=\"a-list-item\"> Man\u00f3metro de precisi\u00f3n: 0-140 PSI \/ 0-10 bar. <\/span><\/li>\n<li><span class=\"a-list-item\"> Contenido del paquete: medici\u00f3n de presi\u00f3n de combustible vers\u00e1til, incluye 5 mangueras, cada una con acoplamiento en ambos lados. <\/span><\/li>\n<\/ul>\n","protected":false},"featured_media":103,"comment_status":"open","ping_status":"closed","template":"","meta":[],"product_brand":[],"product_cat":[17],"product_tag":[39,40,47,93,56,43,49,51,90,91,92,42,53,52],"class_list":{"0":"post-102","1":"product","2":"type-product","3":"status-publish","4":"has-post-thumbnail","6":"product_cat-manometros-y-medidores","7":"product_tag-8000rpm","8":"product_tag-8000rpmimporttools","9":"product_tag-carreras","10":"product_tag-compresion","11":"product_tag-compresor","12":"product_tag-equipamientoautomotriz","13":"product_tag-importadora","14":"product_tag-lavadoradeinyectores","15":"product_tag-mecanica","16":"product_tag-presion-de-bomba","17":"product_tag-presion-de-combustible","18":"product_tag-riobamba","19":"product_tag-taller","20":"product_tag-tecnicentro","22":"first","23":"instock","24":"taxable","25":"shipping-taxable","26":"purchasable","27":"product-type-simple"},"_links":{"self":[{"href":"https:\/\/8000rpmtools.com\/index.php?rest_route=\/wp\/v2\/product\/102","targetHints":{"allow":["GET"]}}],"collection":[{"href":"https:\/\/8000rpmtools.com\/index.php?rest_route=\/wp\/v2\/product"}],"about":[{"href":"https:\/\/8000rpmtools.com\/index.php?rest_route=\/wp\/v2\/types\/product"}],"replies":[{"embeddable":true,"href":"https:\/\/8000rpmtools.com\/index.php?rest_route=%2Fwp%2Fv2%2Fcomments&post=102"}],"wp:featuredmedia":[{"embeddable":true,"href":"https:\/\/8000rpmtools.com\/index.php?rest_route=\/wp\/v2\/media\/103"}],"wp:attachment":[{"href":"https:\/\/8000rpmtools.com\/index.php?rest_route=%2Fwp%2Fv2%2Fmedia&parent=102"}],"wp:term":[{"taxonomy":"product_brand","embeddable":true,"href":"https:\/\/8000rpmtools.com\/index.php?rest_route=%2Fwp%2Fv2%2Fproduct_brand&post=102"},{"taxonomy":"product_cat","embeddable":true,"href":"https:\/\/8000rpmtools.com\/index.php?rest_route=%2Fwp%2Fv2%2Fproduct_cat&post=102"},{"taxonomy":"product_tag","embeddable":true,"href":"https:\/\/8000rpmtools.com\/index.php?rest_route=%2Fwp%2Fv2%2Fproduct_tag&post=102"}],"curies":[{"name":"wp","href":"https:\/\/api.w.org\/{rel}","templated":true}]}}