{"id":436,"date":"2019-09-24T04:23:56","date_gmt":"2019-09-24T04:23:56","guid":{"rendered":"http:\/\/8000rpmtools.com\/?page_id=436"},"modified":"2020-03-30T08:12:27","modified_gmt":"2020-03-30T08:12:27","slug":"contacto","status":"publish","type":"page","link":"https:\/\/8000rpmtools.com\/?page_id=436","title":{"rendered":"Contacto"},"content":{"rendered":"<p><section class=\"kc-elm kc-css-749797 kc_row\"><div class=\"kc-row-container  kc-container\"><div class=\"kc-wrap-columns\"><div class=\"kc-elm kc-css-841418 kc_col-sm-12 kc_column kc_col-sm-12\"><div class=\"kc-col-container\"><div class=\"kc-elm kc-css-163975\" style=\"height: 55px; clear: both; width:100%;\"><\/div><div class=\"kc-elm kc-css-644320\" style=\"height: 55px; clear: both; width:100%;\"><\/div><div class=\"kc-elm kc-css-91404 kc_text_block\"><\/p>\n<div style=\"text-align: center;\">8000 RPM IMPORT TOOLS<\/div>\n<p>\n<\/div><div class=\"kc-elm kc-css-945971 kc_text_block\"><\/p>\n<p style=\"text-align: center;\">Contacte con nosotros<\/p>\n<p>\n<\/div><div class=\"kc-elm kc-css-798358 kc-animated kc-animate-eff-fadeInLeft kc_text_block\"><\/p>\n<p style=\"text-align: center;\">Estaremos gustosos en Atender todos tus requerimientos, somos importadores y distribuidores<\/p>\n<p style=\"text-align: center;\">Comun\u00edcate, te brindaremos la mejor atenci\u00f3n y Asesor\u00eda Personalizada<\/p>\n<p style=\"text-align: center;\">Telf: 0984612019 &#8211; 032308326<\/p>\n<p>\n<\/div><\/div><\/div><\/div><\/div><\/section><section class=\"kc-elm kc-css-173830 kc_row\"><div class=\"kc-row-container  kc-container\"><div class=\"kc-wrap-columns\"><div class=\"kc-elm kc-css-828424 kc_col-sm-6 kc_column kc_col-sm-6\"><div class=\"kc-col-container\"><div class=\"kc-elm kc-css-649050\" style=\"height: 30px; clear: both; width:100%;\"><\/div><div class=\"kc-elm kc-css-36811 kc_shortcode kc_single_image\">\n\n        <img decoding=\"async\" src=\"https:\/\/8000rpmtools.com\/wp-content\/uploads\/2019\/09\/credit_card_logo_png_340946.png\" class=\"\" alt=\"\" \/>    <\/div>\n<div class=\"kc-elm kc-css-152699\" style=\"height: 30px; clear: both; width:100%;\"><\/div><\/div><\/div><div class=\"kc-elm kc-css-735394 kc_col-sm-6 kc_column kc_col-sm-6\"><div class=\"kc-col-container\"><div class=\"kc-elm kc-css-215853\" style=\"height: 30px; clear: both; width:100%;\"><\/div><div class=\"kc-elm kc-css-358678 kc_text_block\"><\/p>\n<div style=\"text-align: center;\"><strong>ACEPTAMOS TODAS<\/strong><\/div>\n<p>\n<\/div><div class=\"kc-elm kc-css-879012 kc_text_block\"><\/p>\n<div style=\"text-align: center;\">TUS TARJETAS DE CR\u00c9DITO<\/div>\n<p>\n<\/div><\/div><\/div><\/div><\/div><\/section><section class=\"kc-elm kc-css-324335 kc_row\"><div class=\"kc-row-container  kc-container\"><div class=\"kc-wrap-columns\"><div class=\"kc-elm kc-css-530107 kc_col-sm-12 kc_column kc_col-sm-12\"><div class=\"kc-col-container\"><div class=\"kc-elm kc-css-644080 kc_google_maps kc_shortcode\" data-wheel=\"disable\"><div class=\"map_popup_contact_form right\"><a class=\"close\" href=\"javascript:;\"><i class=\"sl-close\"><\/i><\/a>\n<div class=\"wpcf7 no-js\" id=\"wpcf7-f305-o1\" lang=\"es-MX\" dir=\"ltr\" data-wpcf7-id=\"305\">\n<div class=\"screen-reader-response\"><p role=\"status\" aria-live=\"polite\" aria-atomic=\"true\"><\/p> <ul><\/ul><\/div>\n<form action=\"\/index.php?rest_route=%2Fwp%2Fv2%2Fpages%2F436#wpcf7-f305-o1\" method=\"post\" class=\"wpcf7-form init\" aria-label=\"Formulario de contacto\" novalidate=\"novalidate\" data-status=\"init\">\n<fieldset class=\"hidden-fields-container\"><input type=\"hidden\" name=\"_wpcf7\" value=\"305\" \/><input type=\"hidden\" name=\"_wpcf7_version\" value=\"6.1.4\" \/><input type=\"hidden\" name=\"_wpcf7_locale\" value=\"es_MX\" \/><input type=\"hidden\" name=\"_wpcf7_unit_tag\" value=\"wpcf7-f305-o1\" \/><input type=\"hidden\" name=\"_wpcf7_container_post\" value=\"0\" \/><input type=\"hidden\" name=\"_wpcf7_posted_data_hash\" value=\"\" \/><input type=\"hidden\" name=\"_wpcf7_recaptcha_response\" value=\"\" \/>\n<\/fieldset>\n<p><label> Tu Nombre (requerido)<br \/>\n<span class=\"wpcf7-form-control-wrap\" data-name=\"your-name\"><input size=\"40\" maxlength=\"400\" class=\"wpcf7-form-control wpcf7-text wpcf7-validates-as-required\" aria-required=\"true\" aria-invalid=\"false\" value=\"\" type=\"text\" name=\"your-name\" \/><\/span> <\/label>\n<\/p>\n<p><label> Tu correo electr\u00f3nico (requerido)<br \/>\n<span class=\"wpcf7-form-control-wrap\" data-name=\"your-email\"><input size=\"40\" maxlength=\"400\" class=\"wpcf7-form-control wpcf7-email wpcf7-validates-as-required wpcf7-text wpcf7-validates-as-email\" aria-required=\"true\" aria-invalid=\"false\" value=\"\" type=\"email\" name=\"your-email\" \/><\/span> <\/label>\n<\/p>\n<p><label> Asunto<br \/>\n<span class=\"wpcf7-form-control-wrap\" data-name=\"your-subject\"><input size=\"40\" maxlength=\"400\" class=\"wpcf7-form-control wpcf7-text\" aria-invalid=\"false\" value=\"\" type=\"text\" name=\"your-subject\" \/><\/span> <\/label>\n<\/p>\n<p><label> Tu Mensaje<br \/>\n<span class=\"wpcf7-form-control-wrap\" data-name=\"your-message\"><textarea cols=\"40\" rows=\"10\" maxlength=\"2000\" class=\"wpcf7-form-control wpcf7-textarea\" aria-invalid=\"false\" name=\"your-message\"><\/textarea><\/span> <\/label>\n<\/p>\n\n<p>[quiz quiz-504* \"Suma de 17+13?\"]\n<\/p>\n<p><span class=\"wpcf7-form-control-wrap\" data-name=\"acceptance-578\"><span class=\"wpcf7-form-control wpcf7-acceptance optional\"><span class=\"wpcf7-list-item\"><label><input type=\"checkbox\" name=\"acceptance-578\" value=\"1\" aria-invalid=\"false\" \/><span class=\"wpcf7-list-item-label\">Al enviar el mensaje, almacenamos su direcci\u00f3n de e-mail, solamente con fines de registro<\/span><\/label><\/span><\/span><\/span>\n<\/p>\n<p><input class=\"wpcf7-form-control wpcf7-submit has-spinner\" type=\"submit\" value=\"Enviar\" \/>\n<\/p><p style=\"display: none !important;\" class=\"akismet-fields-container\" data-prefix=\"_wpcf7_ak_\"><label>&#916;<textarea name=\"_wpcf7_ak_hp_textarea\" cols=\"45\" rows=\"8\" maxlength=\"100\"><\/textarea><\/label><input type=\"hidden\" id=\"ak_js_1\" name=\"_wpcf7_ak_js\" value=\"16\"\/><script>document.getElementById( \"ak_js_1\" ).setAttribute( \"value\", ( new Date() ).getTime() );<\/script><\/p><div class=\"wpcf7-response-output\" aria-hidden=\"true\"><\/div>\n<\/form>\n<\/div>\n<\/div><a class=\"show_contact_form\" href=\"javascript:;\"><i class=\"fa fa-bars\"><\/i><\/a><div style=\"height: 600px\" class=\"kc-google-maps\"><iframe loading=\"lazy\" src=\"https:\/\/www.google.com\/maps\/embed?pb=!1m18!1m12!1m3!1d997.033172588911!2d-78.66257306130237!3d-1.6655492755984789!2m3!1f0!2f0!3f0!3m2!1i1024!2i768!4f13.1!3m3!1m2!1s0x0%3A0xddabad334df3286d!2s8000%20RPM%20IMPORT%20TOOLS%20Herramientas%20Automotrices!5e0!3m2!1ses-419!2sec!4v1568349816398!5m2!1ses-419!2sec\" width=\"100%\" height=\"600\" frameborder=\"0\" style=\"border:0;\" allowfullscreen=\"\"><\/iframe><\/div><\/div><\/div><\/div><\/div><\/div><\/section><\/p>\n","protected":false},"excerpt":{"rendered":"","protected":false},"author":1,"featured_media":0,"parent":0,"menu_order":0,"comment_status":"closed","ping_status":"closed","template":"template-page-builder.php","meta":{"_joinchat":[],"footnotes":""},"class_list":["post-436","page","type-page","status-publish","hentry"],"_links":{"self":[{"href":"https:\/\/8000rpmtools.com\/index.php?rest_route=\/wp\/v2\/pages\/436","targetHints":{"allow":["GET"]}}],"collection":[{"href":"https:\/\/8000rpmtools.com\/index.php?rest_route=\/wp\/v2\/pages"}],"about":[{"href":"https:\/\/8000rpmtools.com\/index.php?rest_route=\/wp\/v2\/types\/page"}],"author":[{"embeddable":true,"href":"https:\/\/8000rpmtools.com\/index.php?rest_route=\/wp\/v2\/users\/1"}],"replies":[{"embeddable":true,"href":"https:\/\/8000rpmtools.com\/index.php?rest_route=%2Fwp%2Fv2%2Fcomments&post=436"}],"version-history":[{"count":5,"href":"https:\/\/8000rpmtools.com\/index.php?rest_route=\/wp\/v2\/pages\/436\/revisions"}],"predecessor-version":[{"id":3128,"href":"https:\/\/8000rpmtools.com\/index.php?rest_route=\/wp\/v2\/pages\/436\/revisions\/3128"}],"wp:attachment":[{"href":"https:\/\/8000rpmtools.com\/index.php?rest_route=%2Fwp%2Fv2%2Fmedia&parent=436"}],"curies":[{"name":"wp","href":"https:\/\/api.w.org\/{rel}","templated":true}]}}